{"id":1544,"date":"2026-01-20T17:15:45","date_gmt":"2026-01-20T17:15:45","guid":{"rendered":"https:\/\/rukumama.com\/?post_type=product&#038;p=1544"},"modified":"2026-02-06T09:55:28","modified_gmt":"2026-02-06T14:55:28","slug":"tonico-capilar","status":"publish","type":"product","link":"https:\/\/rukumama.com\/en\/product\/tonico-capilar\/","title":{"rendered":"Hair Tonic"},"content":{"rendered":"<p><strong>T\u00f3nico Capilar Natural | Fortalece, Revitaliza y Estimula el Crecimiento del Cabello<\/strong><\/p>\n<p>The\u00a0<strong>T\u00f3nico Capilar Antica\u00edda<\/strong>\u00a0combina el poder de extractos naturales como\u00a0<strong>guadua cane (bamboo), nettle, horsetail, guava leaves, verbena, calaguala, guayusa and cinnamon<\/strong>, ingredientes conocidos por fortalecer la ra\u00edz, estimular el crecimiento y reducir la ca\u00edda del cabello. Su f\u00f3rmula enriquecida con\u00a0<strong>vitamin E and collagen<\/strong>\u00a0nutre profundamente el cuero cabelludo, ayudando a combatir irritaciones y promoviendo una melena m\u00e1s saludable y resistente. De f\u00e1cil aplicaci\u00f3n y sin necesidad de enjuague, es ideal para todo tipo de cabello. Disponible en presentaci\u00f3n de\u00a0<strong>100 ml<\/strong>. \u00a1Recupera la fuerza y vitalidad de tu cabello de manera natural! \ud83c\udf3f\u2728<\/p>","protected":false},"excerpt":{"rendered":"<p>Stimulates hair growth and controls hair loss, strengthening the root, helps combat scalp irritations, ideal for all hair types.<\/p>\n<p>How to use<\/p>\n<p>Agitar el envase y aplicar en el \u00e1rea afectada, dar un ligero masaje y dejar actuar (no necesita enjuague inmediato).<\/p>\n<p>Quantity<\/p>\n<ul>\n<li>100 ml<\/li>\n<\/ul>","protected":false},"featured_media":1527,"comment_status":"open","ping_status":"closed","template":"","meta":{"site-sidebar-layout":"default","site-content-layout":"","ast-site-content-layout":"default","site-content-style":"default","site-sidebar-style":"default","ast-global-header-display":"","ast-banner-title-visibility":"","ast-main-header-display":"","ast-hfb-above-header-display":"","ast-hfb-below-header-display":"","ast-hfb-mobile-header-display":"","site-post-title":"","ast-breadcrumbs-content":"","ast-featured-img":"","footer-sml-layout":"","ast-disable-related-posts":"","theme-transparent-header-meta":"default","adv-header-id-meta":"","stick-header-meta":"","header-above-stick-meta":"","header-main-stick-meta":"","header-below-stick-meta":"","astra-migrate-meta-layouts":"set","ast-page-background-enabled":"default","ast-page-background-meta":{"desktop":{"background-color":"var(--ast-global-color-5)","background-image":"","background-repeat":"repeat","background-position":"center center","background-size":"auto","background-attachment":"scroll","background-type":"","background-media":"","overlay-type":"","overlay-color":"","overlay-opacity":"","overlay-gradient":""},"tablet":{"background-color":"","background-image":"","background-repeat":"repeat","background-position":"center center","background-size":"auto","background-attachment":"scroll","background-type":"","background-media":"","overlay-type":"","overlay-color":"","overlay-opacity":"","overlay-gradient":""},"mobile":{"background-color":"","background-image":"","background-repeat":"repeat","background-position":"center center","background-size":"auto","background-attachment":"scroll","background-type":"","background-media":"","overlay-type":"","overlay-color":"","overlay-opacity":"","overlay-gradient":""}},"ast-content-background-meta":{"desktop":{"background-color":"var(--ast-global-color-4)","background-image":"","background-repeat":"repeat","background-position":"center center","background-size":"auto","background-attachment":"scroll","background-type":"","background-media":"","overlay-type":"","overlay-color":"","overlay-opacity":"","overlay-gradient":""},"tablet":{"background-color":"var(--ast-global-color-4)","background-image":"","background-repeat":"repeat","background-position":"center center","background-size":"auto","background-attachment":"scroll","background-type":"","background-media":"","overlay-type":"","overlay-color":"","overlay-opacity":"","overlay-gradient":""},"mobile":{"background-color":"var(--ast-global-color-4)","background-image":"","background-repeat":"repeat","background-position":"center center","background-size":"auto","background-attachment":"scroll","background-type":"","background-media":"","overlay-type":"","overlay-color":"","overlay-opacity":"","overlay-gradient":""}}},"product_brand":[44],"product_cat":[48],"product_tag":[],"class_list":{"0":"post-1544","1":"product","2":"type-product","3":"status-publish","4":"has-post-thumbnail","6":"product_brand-rukumama","7":"product_cat-shampoo","8":"desktop-align-center","9":"tablet-align-left","10":"mobile-align-left","12":"first","13":"instock","14":"shipping-taxable","15":"purchasable","16":"product-type-simple"},"jetpack_sharing_enabled":true,"_links":{"self":[{"href":"https:\/\/rukumama.com\/en\/wp-json\/wp\/v2\/product\/1544","targetHints":{"allow":["GET"]}}],"collection":[{"href":"https:\/\/rukumama.com\/en\/wp-json\/wp\/v2\/product"}],"about":[{"href":"https:\/\/rukumama.com\/en\/wp-json\/wp\/v2\/types\/product"}],"replies":[{"embeddable":true,"href":"https:\/\/rukumama.com\/en\/wp-json\/wp\/v2\/comments?post=1544"}],"wp:featuredmedia":[{"embeddable":true,"href":"https:\/\/rukumama.com\/en\/wp-json\/wp\/v2\/media\/1527"}],"wp:attachment":[{"href":"https:\/\/rukumama.com\/en\/wp-json\/wp\/v2\/media?parent=1544"}],"wp:term":[{"taxonomy":"product_brand","embeddable":true,"href":"https:\/\/rukumama.com\/en\/wp-json\/wp\/v2\/product_brand?post=1544"},{"taxonomy":"product_cat","embeddable":true,"href":"https:\/\/rukumama.com\/en\/wp-json\/wp\/v2\/product_cat?post=1544"},{"taxonomy":"product_tag","embeddable":true,"href":"https:\/\/rukumama.com\/en\/wp-json\/wp\/v2\/product_tag?post=1544"}],"curies":[{"name":"wp","href":"https:\/\/api.w.org\/{rel}","templated":true}]}}